{"id":19,"date":"2016-08-07T22:57:10","date_gmt":"2016-08-07T20:57:10","guid":{"rendered":"http:\/\/www.chmielnik765.szdw.kielce.com.pl\/?page_id=19"},"modified":"2018-06-21T19:58:21","modified_gmt":"2018-06-21T17:58:21","slug":"kontakt-2","status":"publish","type":"page","link":"http:\/\/www.chmielnik765.szdw.kielce.com.pl\/en\/kontakt-2\/","title":{"rendered":"Kontakt"},"content":{"rendered":"<div class=\"textwidget\">\n<p><img loading=\"lazy\" decoding=\"async\" class=\"size-full wp-image-7 alignright\" src=\"http:\/\/dw768.obwodnicajedrzejowa.pl\/wp-content\/uploads\/2018\/06\/nowe_logo_tlo.png\" alt=\"linki_5\" width=\"150\" height=\"150\" \/>\u015awi\u0119tokrzyski Zarz\u0105d Dr\u00f3g Wojew\u00f3dzkich w Kielcach<br \/>\nul. Jagiello\u0144ska 72<br \/>\n25-602 Kielce<\/p>\n<p>41 347-04-71,80,81,90,91<br \/>\nfax: 41 347-04-70<\/p>\n<p><a href=\"mailto:szdw@szdw.kielce.com.pl\">szdw@szdw.kielce.com.pl<\/a><\/p>\n<\/div>\n","protected":false},"excerpt":{"rendered":"<p>\u015awi\u0119tokrzyski Zarz\u0105d Dr\u00f3g Wojew\u00f3dzkich w Kielcach ul. Jagiello\u0144ska 72 25-602 Kielce 41 347-04-71,80,81,90,91 fax: 41 347-04-70 szdw@szdw.kielce.com.pl<\/p>\n","protected":false},"author":3,"featured_media":0,"parent":0,"menu_order":0,"comment_status":"closed","ping_status":"closed","template":"","meta":{"footnotes":""},"class_list":["post-19","page","type-page","status-publish","hentry"],"yoast_head":"<!-- This site is optimized with the Yoast SEO plugin v27.1.1 - https:\/\/yoast.com\/product\/yoast-seo-wordpress\/ -->\n<title>Kontakt<\/title>\n<meta name=\"robots\" content=\"index, follow, max-snippet:-1, max-image-preview:large, max-video-preview:-1\" \/>\n<link rel=\"canonical\" href=\"http:\/\/www.chmielnik765.szdw.kielce.com.pl\/en\/kontakt-2\/\" \/>\n<meta property=\"og:locale\" content=\"en_US\" \/>\n<meta property=\"og:locale:alternate\" content=\"pl_PL\" \/>\n<meta property=\"og:type\" content=\"article\" \/>\n<meta property=\"og:title\" content=\"Kontakt\" \/>\n<meta property=\"og:description\" content=\"\u015awi\u0119tokrzyski Zarz\u0105d Dr\u00f3g Wojew\u00f3dzkich w Kielcach ul. Jagiello\u0144ska 72 25-602 Kielce 41 347-04-71,80,81,90,91 fax: 41 347-04-70 szdw@szdw.kielce.com.pl\" \/>\n<meta property=\"og:url\" content=\"http:\/\/www.chmielnik765.szdw.kielce.com.pl\/en\/kontakt-2\/\" \/>\n<meta property=\"og:site_name\" content=\"Budowa p\u00f3\u0142nocnej obwodnicy Chmielnika w ci\u0105gu DW 765 od skrzy\u017cowania z DK 73\" \/>\n<meta property=\"article:modified_time\" content=\"2018-06-21T17:58:21+00:00\" \/>\n<meta name=\"twitter:card\" content=\"summary_large_image\" \/>\n<script type=\"application\/ld+json\" class=\"yoast-schema-graph\">{\"@context\":\"https:\/\/schema.org\",\"@graph\":[{\"@type\":\"WebPage\",\"@id\":\"http:\/\/www.chmielnik765.szdw.kielce.com.pl\/en\/kontakt-2\/\",\"url\":\"http:\/\/www.chmielnik765.szdw.kielce.com.pl\/en\/kontakt-2\/\",\"name\":\"Kontakt\",\"isPartOf\":{\"@id\":\"http:\/\/www.chmielnik765.szdw.kielce.com.pl\/#website\"},\"primaryImageOfPage\":{\"@id\":\"http:\/\/www.chmielnik765.szdw.kielce.com.pl\/en\/kontakt-2\/#primaryimage\"},\"image\":{\"@id\":\"http:\/\/www.chmielnik765.szdw.kielce.com.pl\/en\/kontakt-2\/#primaryimage\"},\"thumbnailUrl\":\"http:\/\/dw768.obwodnicajedrzejowa.pl\/wp-content\/uploads\/2018\/06\/nowe_logo_tlo.png\",\"datePublished\":\"2016-08-07T20:57:10+00:00\",\"dateModified\":\"2018-06-21T17:58:21+00:00\",\"breadcrumb\":{\"@id\":\"http:\/\/www.chmielnik765.szdw.kielce.com.pl\/en\/kontakt-2\/#breadcrumb\"},\"inLanguage\":\"en-US\",\"potentialAction\":[{\"@type\":\"ReadAction\",\"target\":[\"http:\/\/www.chmielnik765.szdw.kielce.com.pl\/en\/kontakt-2\/\"]}]},{\"@type\":\"ImageObject\",\"inLanguage\":\"en-US\",\"@id\":\"http:\/\/www.chmielnik765.szdw.kielce.com.pl\/en\/kontakt-2\/#primaryimage\",\"url\":\"http:\/\/dw768.obwodnicajedrzejowa.pl\/wp-content\/uploads\/2018\/06\/nowe_logo_tlo.png\",\"contentUrl\":\"http:\/\/dw768.obwodnicajedrzejowa.pl\/wp-content\/uploads\/2018\/06\/nowe_logo_tlo.png\"},{\"@type\":\"BreadcrumbList\",\"@id\":\"http:\/\/www.chmielnik765.szdw.kielce.com.pl\/en\/kontakt-2\/#breadcrumb\",\"itemListElement\":[{\"@type\":\"ListItem\",\"position\":1,\"name\":\"Strona g\u0142\u00f3wna\",\"item\":\"http:\/\/www.chmielnik765.szdw.kielce.com.pl\/\"},{\"@type\":\"ListItem\",\"position\":2,\"name\":\"Kontakt\"}]},{\"@type\":\"WebSite\",\"@id\":\"http:\/\/www.chmielnik765.szdw.kielce.com.pl\/#website\",\"url\":\"http:\/\/www.chmielnik765.szdw.kielce.com.pl\/\",\"name\":\"Budowa p\u00f3\u0142nocnej obwodnicy Chmielnika w ci\u0105gu DW 765 od skrzy\u017cowania z DK 73\",\"description\":\"\",\"potentialAction\":[{\"@type\":\"SearchAction\",\"target\":{\"@type\":\"EntryPoint\",\"urlTemplate\":\"http:\/\/www.chmielnik765.szdw.kielce.com.pl\/?s={search_term_string}\"},\"query-input\":{\"@type\":\"PropertyValueSpecification\",\"valueRequired\":true,\"valueName\":\"search_term_string\"}}],\"inLanguage\":\"en-US\"}]}<\/script>\n<!-- \/ Yoast SEO plugin. -->","yoast_head_json":{"title":"Kontakt","robots":{"index":"index","follow":"follow","max-snippet":"max-snippet:-1","max-image-preview":"max-image-preview:large","max-video-preview":"max-video-preview:-1"},"canonical":"http:\/\/www.chmielnik765.szdw.kielce.com.pl\/en\/kontakt-2\/","og_locale":"en_US","og_type":"article","og_title":"[:pl]Kontakt[:] &#8211; Budowa p\u00f3\u0142nocnej obwodnicy Chmielnika w ci\u0105gu DW 765 od skrzy\u017cowania z DK 73","og_description":"\u015awi\u0119tokrzyski Zarz\u0105d Dr\u00f3g Wojew\u00f3dzkich w Kielcach ul. Jagiello\u0144ska 72 25-602 Kielce 41 347-04-71,80,81,90,91 fax: 41 347-04-70 szdw@szdw.kielce.com.pl","og_url":"http:\/\/www.chmielnik765.szdw.kielce.com.pl\/en\/kontakt-2\/","og_site_name":"Budowa p\u00f3\u0142nocnej obwodnicy Chmielnika w ci\u0105gu DW 765 od skrzy\u017cowania z DK 73","article_modified_time":"2018-06-21T17:58:21+00:00","twitter_card":"summary_large_image","schema":{"@context":"https:\/\/schema.org","@graph":[{"@type":"WebPage","@id":"http:\/\/www.chmielnik765.szdw.kielce.com.pl\/en\/kontakt-2\/","url":"http:\/\/www.chmielnik765.szdw.kielce.com.pl\/en\/kontakt-2\/","name":"Kontakt","isPartOf":{"@id":"http:\/\/www.chmielnik765.szdw.kielce.com.pl\/#website"},"primaryImageOfPage":{"@id":"http:\/\/www.chmielnik765.szdw.kielce.com.pl\/en\/kontakt-2\/#primaryimage"},"image":{"@id":"http:\/\/www.chmielnik765.szdw.kielce.com.pl\/en\/kontakt-2\/#primaryimage"},"thumbnailUrl":"http:\/\/dw768.obwodnicajedrzejowa.pl\/wp-content\/uploads\/2018\/06\/nowe_logo_tlo.png","datePublished":"2016-08-07T20:57:10+00:00","dateModified":"2018-06-21T17:58:21+00:00","breadcrumb":{"@id":"http:\/\/www.chmielnik765.szdw.kielce.com.pl\/en\/kontakt-2\/#breadcrumb"},"inLanguage":"en-US","potentialAction":[{"@type":"ReadAction","target":["http:\/\/www.chmielnik765.szdw.kielce.com.pl\/en\/kontakt-2\/"]}]},{"@type":"ImageObject","inLanguage":"en-US","@id":"http:\/\/www.chmielnik765.szdw.kielce.com.pl\/en\/kontakt-2\/#primaryimage","url":"http:\/\/dw768.obwodnicajedrzejowa.pl\/wp-content\/uploads\/2018\/06\/nowe_logo_tlo.png","contentUrl":"http:\/\/dw768.obwodnicajedrzejowa.pl\/wp-content\/uploads\/2018\/06\/nowe_logo_tlo.png"},{"@type":"BreadcrumbList","@id":"http:\/\/www.chmielnik765.szdw.kielce.com.pl\/en\/kontakt-2\/#breadcrumb","itemListElement":[{"@type":"ListItem","position":1,"name":"Strona g\u0142\u00f3wna","item":"http:\/\/www.chmielnik765.szdw.kielce.com.pl\/"},{"@type":"ListItem","position":2,"name":"Kontakt"}]},{"@type":"WebSite","@id":"http:\/\/www.chmielnik765.szdw.kielce.com.pl\/#website","url":"http:\/\/www.chmielnik765.szdw.kielce.com.pl\/","name":"Budowa p\u00f3\u0142nocnej obwodnicy Chmielnika w ci\u0105gu DW 765 od skrzy\u017cowania z DK 73","description":"","potentialAction":[{"@type":"SearchAction","target":{"@type":"EntryPoint","urlTemplate":"http:\/\/www.chmielnik765.szdw.kielce.com.pl\/?s={search_term_string}"},"query-input":{"@type":"PropertyValueSpecification","valueRequired":true,"valueName":"search_term_string"}}],"inLanguage":"en-US"}]}},"_links":{"self":[{"href":"http:\/\/www.chmielnik765.szdw.kielce.com.pl\/en\/wp-json\/wp\/v2\/pages\/19","targetHints":{"allow":["GET"]}}],"collection":[{"href":"http:\/\/www.chmielnik765.szdw.kielce.com.pl\/en\/wp-json\/wp\/v2\/pages"}],"about":[{"href":"http:\/\/www.chmielnik765.szdw.kielce.com.pl\/en\/wp-json\/wp\/v2\/types\/page"}],"author":[{"embeddable":true,"href":"http:\/\/www.chmielnik765.szdw.kielce.com.pl\/en\/wp-json\/wp\/v2\/users\/3"}],"replies":[{"embeddable":true,"href":"http:\/\/www.chmielnik765.szdw.kielce.com.pl\/en\/wp-json\/wp\/v2\/comments?post=19"}],"version-history":[{"count":3,"href":"http:\/\/www.chmielnik765.szdw.kielce.com.pl\/en\/wp-json\/wp\/v2\/pages\/19\/revisions"}],"predecessor-version":[{"id":743,"href":"http:\/\/www.chmielnik765.szdw.kielce.com.pl\/en\/wp-json\/wp\/v2\/pages\/19\/revisions\/743"}],"wp:attachment":[{"href":"http:\/\/www.chmielnik765.szdw.kielce.com.pl\/en\/wp-json\/wp\/v2\/media?parent=19"}],"curies":[{"name":"wp","href":"https:\/\/api.w.org\/{rel}","templated":true}]}}