{"id":2,"date":"2016-08-07T20:13:13","date_gmt":"2016-08-07T18:13:13","guid":{"rendered":"http:\/\/www.chmielnik765.szdw.kielce.com.pl\/?page_id=2"},"modified":"2018-01-29T16:08:33","modified_gmt":"2018-01-29T15:08:33","slug":"start","status":"publish","type":"page","link":"http:\/\/www.chmielnik765.szdw.kielce.com.pl\/en\/","title":{"rendered":"Start"},"content":{"rendered":"","protected":false},"excerpt":{"rendered":"","protected":false},"author":3,"featured_media":0,"parent":0,"menu_order":0,"comment_status":"closed","ping_status":"open","template":"page-templates\/front-page.php","meta":{"footnotes":""},"class_list":["post-2","page","type-page","status-publish","hentry"],"yoast_head":"<!-- This site is optimized with the Yoast SEO plugin v27.1.1 - https:\/\/yoast.com\/product\/yoast-seo-wordpress\/ -->\n<title>Budowa p\u00f3\u0142nocnej obwodnicy Chmielnika<\/title>\n<meta name=\"description\" content=\"Budowa p\u00f3\u0142nocnej obwodnicy Chmielnika w ci\u0105gu DW 765 od skrzy\u017cowania z DK 73\" \/>\n<meta name=\"robots\" content=\"index, follow, max-snippet:-1, max-image-preview:large, max-video-preview:-1\" \/>\n<link rel=\"canonical\" href=\"http:\/\/www.chmielnik765.szdw.kielce.com.pl\/en\/\" \/>\n<meta property=\"og:locale\" content=\"en_US\" \/>\n<meta property=\"og:locale:alternate\" content=\"pl_PL\" \/>\n<meta property=\"og:type\" content=\"article\" \/>\n<meta property=\"og:title\" content=\"Rozbudowa drogi wojew\u00f3dzkiej nr 728\" \/>\n<meta property=\"og:description\" content=\"Rozbudowa drogi wojew\u00f3dzkiej nr 728 na odc. \u0141opuszno \u2013 DK 74. Inwestycja zak\u0142ada rozbudow\u0119 i popraw\u0119 parametr\u00f3w technicznych istniej\u0105cej ju\u017c drogi.\" \/>\n<meta property=\"og:url\" content=\"http:\/\/www.chmielnik765.szdw.kielce.com.pl\/en\/\" \/>\n<meta property=\"og:site_name\" content=\"Budowa p\u00f3\u0142nocnej obwodnicy Chmielnika w ci\u0105gu DW 765 od skrzy\u017cowania z DK 73\" \/>\n<meta property=\"article:modified_time\" content=\"2018-01-29T15:08:33+00:00\" \/>\n<meta property=\"og:image\" content=\"http:\/\/www.chmielnik765.szdw.kielce.com.pl\/wp-content\/uploads\/2016\/08\/cropped-linki_5-1.jpg\" \/>\n\t<meta property=\"og:image:width\" content=\"512\" \/>\n\t<meta property=\"og:image:height\" content=\"512\" \/>\n\t<meta property=\"og:image:type\" content=\"image\/jpeg\" \/>\n<meta name=\"twitter:card\" content=\"summary_large_image\" \/>\n<meta name=\"twitter:title\" content=\"Rozbudowa drogi wojew\u00f3dzkiej nr 728\" \/>\n<meta name=\"twitter:description\" content=\"Rozbudowa drogi wojew\u00f3dzkiej nr 728 na odc. \u0141opuszno \u2013 DK 74. Inwestycja zak\u0142ada rozbudow\u0119 i popraw\u0119 parametr\u00f3w technicznych istniej\u0105cej ju\u017c drogi.\" \/>\n<meta name=\"twitter:image\" content=\"http:\/\/www.chmielnik765.szdw.kielce.com.pl\/wp-content\/uploads\/2016\/08\/cropped-linki_5-1.jpg\" \/>\n<script type=\"application\/ld+json\" class=\"yoast-schema-graph\">{\"@context\":\"https:\/\/schema.org\",\"@graph\":[{\"@type\":\"WebPage\",\"@id\":\"http:\/\/www.chmielnik765.szdw.kielce.com.pl\/\",\"url\":\"http:\/\/www.chmielnik765.szdw.kielce.com.pl\/\",\"name\":\"Budowa p\u00f3\u0142nocnej obwodnicy Chmielnika\",\"isPartOf\":{\"@id\":\"http:\/\/www.chmielnik765.szdw.kielce.com.pl\/#website\"},\"datePublished\":\"2016-08-07T18:13:13+00:00\",\"dateModified\":\"2018-01-29T15:08:33+00:00\",\"description\":\"Budowa p\u00f3\u0142nocnej obwodnicy Chmielnika w ci\u0105gu DW 765 od skrzy\u017cowania z DK 73\",\"breadcrumb\":{\"@id\":\"http:\/\/www.chmielnik765.szdw.kielce.com.pl\/#breadcrumb\"},\"inLanguage\":\"en-US\",\"potentialAction\":[{\"@type\":\"ReadAction\",\"target\":[\"http:\/\/www.chmielnik765.szdw.kielce.com.pl\/\"]}]},{\"@type\":\"BreadcrumbList\",\"@id\":\"http:\/\/www.chmielnik765.szdw.kielce.com.pl\/#breadcrumb\",\"itemListElement\":[{\"@type\":\"ListItem\",\"position\":1,\"name\":\"Strona g\u0142\u00f3wna\",\"item\":\"http:\/\/www.chmielnik765.szdw.kielce.com.pl\/\"},{\"@type\":\"ListItem\",\"position\":2,\"name\":\"Start\"}]},{\"@type\":\"WebSite\",\"@id\":\"http:\/\/www.chmielnik765.szdw.kielce.com.pl\/#website\",\"url\":\"http:\/\/www.chmielnik765.szdw.kielce.com.pl\/\",\"name\":\"Budowa p\u00f3\u0142nocnej obwodnicy Chmielnika w ci\u0105gu DW 765 od skrzy\u017cowania z DK 73\",\"description\":\"\",\"potentialAction\":[{\"@type\":\"SearchAction\",\"target\":{\"@type\":\"EntryPoint\",\"urlTemplate\":\"http:\/\/www.chmielnik765.szdw.kielce.com.pl\/?s={search_term_string}\"},\"query-input\":{\"@type\":\"PropertyValueSpecification\",\"valueRequired\":true,\"valueName\":\"search_term_string\"}}],\"inLanguage\":\"en-US\"}]}<\/script>\n<!-- \/ Yoast SEO plugin. -->","yoast_head_json":{"title":"Budowa p\u00f3\u0142nocnej obwodnicy Chmielnika","description":"Budowa p\u00f3\u0142nocnej obwodnicy Chmielnika w ci\u0105gu DW 765 od skrzy\u017cowania z DK 73","robots":{"index":"index","follow":"follow","max-snippet":"max-snippet:-1","max-image-preview":"max-image-preview:large","max-video-preview":"max-video-preview:-1"},"canonical":"http:\/\/www.chmielnik765.szdw.kielce.com.pl\/en\/","og_locale":"en_US","og_type":"article","og_title":"Rozbudowa drogi wojew\u00f3dzkiej nr 728","og_description":"Rozbudowa drogi wojew\u00f3dzkiej nr 728 na odc. \u0141opuszno \u2013 DK 74. Inwestycja zak\u0142ada rozbudow\u0119 i popraw\u0119 parametr\u00f3w technicznych istniej\u0105cej ju\u017c drogi.","og_url":"http:\/\/www.chmielnik765.szdw.kielce.com.pl\/en\/","og_site_name":"Budowa p\u00f3\u0142nocnej obwodnicy Chmielnika w ci\u0105gu DW 765 od skrzy\u017cowania z DK 73","article_modified_time":"2018-01-29T15:08:33+00:00","og_image":[{"width":512,"height":512,"url":"http:\/\/www.chmielnik765.szdw.kielce.com.pl\/wp-content\/uploads\/2016\/08\/cropped-linki_5-1.jpg","type":"image\/jpeg"}],"twitter_card":"summary_large_image","twitter_title":"Rozbudowa drogi wojew\u00f3dzkiej nr 728","twitter_description":"Rozbudowa drogi wojew\u00f3dzkiej nr 728 na odc. \u0141opuszno \u2013 DK 74. Inwestycja zak\u0142ada rozbudow\u0119 i popraw\u0119 parametr\u00f3w technicznych istniej\u0105cej ju\u017c drogi.","twitter_image":"http:\/\/www.chmielnik765.szdw.kielce.com.pl\/wp-content\/uploads\/2016\/08\/cropped-linki_5-1.jpg","schema":{"@context":"https:\/\/schema.org","@graph":[{"@type":"WebPage","@id":"http:\/\/www.chmielnik765.szdw.kielce.com.pl\/","url":"http:\/\/www.chmielnik765.szdw.kielce.com.pl\/","name":"Budowa p\u00f3\u0142nocnej obwodnicy Chmielnika","isPartOf":{"@id":"http:\/\/www.chmielnik765.szdw.kielce.com.pl\/#website"},"datePublished":"2016-08-07T18:13:13+00:00","dateModified":"2018-01-29T15:08:33+00:00","description":"Budowa p\u00f3\u0142nocnej obwodnicy Chmielnika w ci\u0105gu DW 765 od skrzy\u017cowania z DK 73","breadcrumb":{"@id":"http:\/\/www.chmielnik765.szdw.kielce.com.pl\/#breadcrumb"},"inLanguage":"en-US","potentialAction":[{"@type":"ReadAction","target":["http:\/\/www.chmielnik765.szdw.kielce.com.pl\/"]}]},{"@type":"BreadcrumbList","@id":"http:\/\/www.chmielnik765.szdw.kielce.com.pl\/#breadcrumb","itemListElement":[{"@type":"ListItem","position":1,"name":"Strona g\u0142\u00f3wna","item":"http:\/\/www.chmielnik765.szdw.kielce.com.pl\/"},{"@type":"ListItem","position":2,"name":"Start"}]},{"@type":"WebSite","@id":"http:\/\/www.chmielnik765.szdw.kielce.com.pl\/#website","url":"http:\/\/www.chmielnik765.szdw.kielce.com.pl\/","name":"Budowa p\u00f3\u0142nocnej obwodnicy Chmielnika w ci\u0105gu DW 765 od skrzy\u017cowania z DK 73","description":"","potentialAction":[{"@type":"SearchAction","target":{"@type":"EntryPoint","urlTemplate":"http:\/\/www.chmielnik765.szdw.kielce.com.pl\/?s={search_term_string}"},"query-input":{"@type":"PropertyValueSpecification","valueRequired":true,"valueName":"search_term_string"}}],"inLanguage":"en-US"}]}},"_links":{"self":[{"href":"http:\/\/www.chmielnik765.szdw.kielce.com.pl\/en\/wp-json\/wp\/v2\/pages\/2","targetHints":{"allow":["GET"]}}],"collection":[{"href":"http:\/\/www.chmielnik765.szdw.kielce.com.pl\/en\/wp-json\/wp\/v2\/pages"}],"about":[{"href":"http:\/\/www.chmielnik765.szdw.kielce.com.pl\/en\/wp-json\/wp\/v2\/types\/page"}],"author":[{"embeddable":true,"href":"http:\/\/www.chmielnik765.szdw.kielce.com.pl\/en\/wp-json\/wp\/v2\/users\/3"}],"replies":[{"embeddable":true,"href":"http:\/\/www.chmielnik765.szdw.kielce.com.pl\/en\/wp-json\/wp\/v2\/comments?post=2"}],"version-history":[{"count":6,"href":"http:\/\/www.chmielnik765.szdw.kielce.com.pl\/en\/wp-json\/wp\/v2\/pages\/2\/revisions"}],"predecessor-version":[{"id":429,"href":"http:\/\/www.chmielnik765.szdw.kielce.com.pl\/en\/wp-json\/wp\/v2\/pages\/2\/revisions\/429"}],"wp:attachment":[{"href":"http:\/\/www.chmielnik765.szdw.kielce.com.pl\/en\/wp-json\/wp\/v2\/media?parent=2"}],"curies":[{"name":"wp","href":"https:\/\/api.w.org\/{rel}","templated":true}]}}