{"id":26,"date":"2016-08-08T20:29:02","date_gmt":"2016-08-08T18:29:02","guid":{"rendered":"http:\/\/www.chmielnik765.szdw.kielce.com.pl\/?page_id=26"},"modified":"2018-02-07T17:02:41","modified_gmt":"2018-02-07T16:02:41","slug":"mapy-projektu-2","status":"publish","type":"page","link":"http:\/\/www.chmielnik765.szdw.kielce.com.pl\/en\/mapy-projektu-2\/","title":{"rendered":"Mapy projektu"},"content":{"rendered":"<p><center><br \/>\n<iframe loading=\"lazy\" src=\"https:\/\/www.google.com\/maps\/embed?pb=!1m18!1m12!1m3!1d20254.71246484612!2d20.73093365684515!3d50.61152805393544!2m3!1f0!2f0!3f0!3m2!1i1024!2i768!4f13.1!3m3!1m2!1s0x4717ec4e46b66c29%3A0x6816fbe677608bdf!2s26-020+Chmielnik!5e0!3m2!1spl!2spl!4v1517240662607\" width=\"600\" height=\"450\" frameborder=\"0\" style=\"border:0\" allowfullscreen><\/iframe><\/p>\n<p><a href=\"http:\/\/rozbudowadw728.pl\/wp-content\/uploads\/2018\/02\/plan1.png\"><img loading=\"lazy\" decoding=\"async\" class=\"aligncenter size-full wp-image-327\" src=\"http:\/\/rozbudowadw728.pl\/wp-content\/uploads\/2018\/02\/plan1.png\" alt=\"\" width=\"642\" height=\"316\" \/>Powi\u0119ksz<\/a><\/p>\n","protected":false},"excerpt":{"rendered":"<p>Powi\u0119ksz<\/p>\n","protected":false},"author":3,"featured_media":0,"parent":0,"menu_order":0,"comment_status":"closed","ping_status":"closed","template":"page-templates\/full-width.php","meta":{"footnotes":""},"class_list":["post-26","page","type-page","status-publish","hentry"],"yoast_head":"<!-- This site is optimized with the Yoast SEO plugin v27.1.1 - https:\/\/yoast.com\/product\/yoast-seo-wordpress\/ -->\n<title>Mapy projektu &#8211; Budowa p\u00f3\u0142nocnej obwodnicy Chmielnika w ci\u0105gu DW 765 od skrzy\u017cowania z DK 73<\/title>\n<meta name=\"robots\" content=\"index, follow, max-snippet:-1, max-image-preview:large, max-video-preview:-1\" \/>\n<link rel=\"canonical\" href=\"http:\/\/www.chmielnik765.szdw.kielce.com.pl\/en\/mapy-projektu-2\/\" \/>\n<meta property=\"og:locale\" content=\"en_US\" \/>\n<meta property=\"og:locale:alternate\" content=\"pl_PL\" \/>\n<meta property=\"og:type\" content=\"article\" \/>\n<meta property=\"og:title\" content=\"Mapy projektu &#8211; Budowa p\u00f3\u0142nocnej obwodnicy Chmielnika w ci\u0105gu DW 765 od skrzy\u017cowania z DK 73\" \/>\n<meta property=\"og:description\" content=\"Powi\u0119ksz\" \/>\n<meta property=\"og:url\" content=\"http:\/\/www.chmielnik765.szdw.kielce.com.pl\/en\/mapy-projektu-2\/\" \/>\n<meta property=\"og:site_name\" content=\"Budowa p\u00f3\u0142nocnej obwodnicy Chmielnika w ci\u0105gu DW 765 od skrzy\u017cowania z DK 73\" \/>\n<meta property=\"article:modified_time\" content=\"2018-02-07T16:02:41+00:00\" \/>\n<meta property=\"og:image\" content=\"http:\/\/rozbudowadw728.pl\/wp-content\/uploads\/2018\/02\/plan1.png\" \/>\n<meta name=\"twitter:card\" content=\"summary_large_image\" \/>\n<script type=\"application\/ld+json\" class=\"yoast-schema-graph\">{\"@context\":\"https:\/\/schema.org\",\"@graph\":[{\"@type\":\"WebPage\",\"@id\":\"http:\/\/www.chmielnik765.szdw.kielce.com.pl\/en\/mapy-projektu-2\/\",\"url\":\"http:\/\/www.chmielnik765.szdw.kielce.com.pl\/en\/mapy-projektu-2\/\",\"name\":\"Mapy projektu &#8211; Budowa p\u00f3\u0142nocnej obwodnicy Chmielnika w ci\u0105gu DW 765 od skrzy\u017cowania z DK 73\",\"isPartOf\":{\"@id\":\"http:\/\/www.chmielnik765.szdw.kielce.com.pl\/#website\"},\"primaryImageOfPage\":{\"@id\":\"http:\/\/www.chmielnik765.szdw.kielce.com.pl\/en\/mapy-projektu-2\/#primaryimage\"},\"image\":{\"@id\":\"http:\/\/www.chmielnik765.szdw.kielce.com.pl\/en\/mapy-projektu-2\/#primaryimage\"},\"thumbnailUrl\":\"http:\/\/rozbudowadw728.pl\/wp-content\/uploads\/2018\/02\/plan1.png\",\"datePublished\":\"2016-08-08T18:29:02+00:00\",\"dateModified\":\"2018-02-07T16:02:41+00:00\",\"breadcrumb\":{\"@id\":\"http:\/\/www.chmielnik765.szdw.kielce.com.pl\/en\/mapy-projektu-2\/#breadcrumb\"},\"inLanguage\":\"en-US\",\"potentialAction\":[{\"@type\":\"ReadAction\",\"target\":[\"http:\/\/www.chmielnik765.szdw.kielce.com.pl\/en\/mapy-projektu-2\/\"]}]},{\"@type\":\"ImageObject\",\"inLanguage\":\"en-US\",\"@id\":\"http:\/\/www.chmielnik765.szdw.kielce.com.pl\/en\/mapy-projektu-2\/#primaryimage\",\"url\":\"http:\/\/rozbudowadw728.pl\/wp-content\/uploads\/2018\/02\/plan1.png\",\"contentUrl\":\"http:\/\/rozbudowadw728.pl\/wp-content\/uploads\/2018\/02\/plan1.png\"},{\"@type\":\"BreadcrumbList\",\"@id\":\"http:\/\/www.chmielnik765.szdw.kielce.com.pl\/en\/mapy-projektu-2\/#breadcrumb\",\"itemListElement\":[{\"@type\":\"ListItem\",\"position\":1,\"name\":\"Strona g\u0142\u00f3wna\",\"item\":\"http:\/\/www.chmielnik765.szdw.kielce.com.pl\/\"},{\"@type\":\"ListItem\",\"position\":2,\"name\":\"Mapy projektu\"}]},{\"@type\":\"WebSite\",\"@id\":\"http:\/\/www.chmielnik765.szdw.kielce.com.pl\/#website\",\"url\":\"http:\/\/www.chmielnik765.szdw.kielce.com.pl\/\",\"name\":\"Budowa p\u00f3\u0142nocnej obwodnicy Chmielnika w ci\u0105gu DW 765 od skrzy\u017cowania z DK 73\",\"description\":\"\",\"potentialAction\":[{\"@type\":\"SearchAction\",\"target\":{\"@type\":\"EntryPoint\",\"urlTemplate\":\"http:\/\/www.chmielnik765.szdw.kielce.com.pl\/?s={search_term_string}\"},\"query-input\":{\"@type\":\"PropertyValueSpecification\",\"valueRequired\":true,\"valueName\":\"search_term_string\"}}],\"inLanguage\":\"en-US\"}]}<\/script>\n<!-- \/ Yoast SEO plugin. -->","yoast_head_json":{"title":"Mapy projektu &#8211; Budowa p\u00f3\u0142nocnej obwodnicy Chmielnika w ci\u0105gu DW 765 od skrzy\u017cowania z DK 73","robots":{"index":"index","follow":"follow","max-snippet":"max-snippet:-1","max-image-preview":"max-image-preview:large","max-video-preview":"max-video-preview:-1"},"canonical":"http:\/\/www.chmielnik765.szdw.kielce.com.pl\/en\/mapy-projektu-2\/","og_locale":"en_US","og_type":"article","og_title":"Mapy projektu &#8211; Budowa p\u00f3\u0142nocnej obwodnicy Chmielnika w ci\u0105gu DW 765 od skrzy\u017cowania z DK 73","og_description":"Powi\u0119ksz","og_url":"http:\/\/www.chmielnik765.szdw.kielce.com.pl\/en\/mapy-projektu-2\/","og_site_name":"Budowa p\u00f3\u0142nocnej obwodnicy Chmielnika w ci\u0105gu DW 765 od skrzy\u017cowania z DK 73","article_modified_time":"2018-02-07T16:02:41+00:00","og_image":[{"url":"http:\/\/rozbudowadw728.pl\/wp-content\/uploads\/2018\/02\/plan1.png","type":"","width":"","height":""}],"twitter_card":"summary_large_image","schema":{"@context":"https:\/\/schema.org","@graph":[{"@type":"WebPage","@id":"http:\/\/www.chmielnik765.szdw.kielce.com.pl\/en\/mapy-projektu-2\/","url":"http:\/\/www.chmielnik765.szdw.kielce.com.pl\/en\/mapy-projektu-2\/","name":"Mapy projektu &#8211; Budowa p\u00f3\u0142nocnej obwodnicy Chmielnika w ci\u0105gu DW 765 od skrzy\u017cowania z DK 73","isPartOf":{"@id":"http:\/\/www.chmielnik765.szdw.kielce.com.pl\/#website"},"primaryImageOfPage":{"@id":"http:\/\/www.chmielnik765.szdw.kielce.com.pl\/en\/mapy-projektu-2\/#primaryimage"},"image":{"@id":"http:\/\/www.chmielnik765.szdw.kielce.com.pl\/en\/mapy-projektu-2\/#primaryimage"},"thumbnailUrl":"http:\/\/rozbudowadw728.pl\/wp-content\/uploads\/2018\/02\/plan1.png","datePublished":"2016-08-08T18:29:02+00:00","dateModified":"2018-02-07T16:02:41+00:00","breadcrumb":{"@id":"http:\/\/www.chmielnik765.szdw.kielce.com.pl\/en\/mapy-projektu-2\/#breadcrumb"},"inLanguage":"en-US","potentialAction":[{"@type":"ReadAction","target":["http:\/\/www.chmielnik765.szdw.kielce.com.pl\/en\/mapy-projektu-2\/"]}]},{"@type":"ImageObject","inLanguage":"en-US","@id":"http:\/\/www.chmielnik765.szdw.kielce.com.pl\/en\/mapy-projektu-2\/#primaryimage","url":"http:\/\/rozbudowadw728.pl\/wp-content\/uploads\/2018\/02\/plan1.png","contentUrl":"http:\/\/rozbudowadw728.pl\/wp-content\/uploads\/2018\/02\/plan1.png"},{"@type":"BreadcrumbList","@id":"http:\/\/www.chmielnik765.szdw.kielce.com.pl\/en\/mapy-projektu-2\/#breadcrumb","itemListElement":[{"@type":"ListItem","position":1,"name":"Strona g\u0142\u00f3wna","item":"http:\/\/www.chmielnik765.szdw.kielce.com.pl\/"},{"@type":"ListItem","position":2,"name":"Mapy projektu"}]},{"@type":"WebSite","@id":"http:\/\/www.chmielnik765.szdw.kielce.com.pl\/#website","url":"http:\/\/www.chmielnik765.szdw.kielce.com.pl\/","name":"Budowa p\u00f3\u0142nocnej obwodnicy Chmielnika w ci\u0105gu DW 765 od skrzy\u017cowania z DK 73","description":"","potentialAction":[{"@type":"SearchAction","target":{"@type":"EntryPoint","urlTemplate":"http:\/\/www.chmielnik765.szdw.kielce.com.pl\/?s={search_term_string}"},"query-input":{"@type":"PropertyValueSpecification","valueRequired":true,"valueName":"search_term_string"}}],"inLanguage":"en-US"}]}},"_links":{"self":[{"href":"http:\/\/www.chmielnik765.szdw.kielce.com.pl\/en\/wp-json\/wp\/v2\/pages\/26","targetHints":{"allow":["GET"]}}],"collection":[{"href":"http:\/\/www.chmielnik765.szdw.kielce.com.pl\/en\/wp-json\/wp\/v2\/pages"}],"about":[{"href":"http:\/\/www.chmielnik765.szdw.kielce.com.pl\/en\/wp-json\/wp\/v2\/types\/page"}],"author":[{"embeddable":true,"href":"http:\/\/www.chmielnik765.szdw.kielce.com.pl\/en\/wp-json\/wp\/v2\/users\/3"}],"replies":[{"embeddable":true,"href":"http:\/\/www.chmielnik765.szdw.kielce.com.pl\/en\/wp-json\/wp\/v2\/comments?post=26"}],"version-history":[{"count":20,"href":"http:\/\/www.chmielnik765.szdw.kielce.com.pl\/en\/wp-json\/wp\/v2\/pages\/26\/revisions"}],"predecessor-version":[{"id":593,"href":"http:\/\/www.chmielnik765.szdw.kielce.com.pl\/en\/wp-json\/wp\/v2\/pages\/26\/revisions\/593"}],"wp:attachment":[{"href":"http:\/\/www.chmielnik765.szdw.kielce.com.pl\/en\/wp-json\/wp\/v2\/media?parent=26"}],"curies":[{"name":"wp","href":"https:\/\/api.w.org\/{rel}","templated":true}]}}