{"id":518,"date":"2018-01-25T19:38:08","date_gmt":"2018-01-25T18:38:08","guid":{"rendered":"http:\/\/www.chmielnik765.szdw.kielce.com.pl\/?page_id=518"},"modified":"2018-01-29T17:01:24","modified_gmt":"2018-01-29T16:01:24","slug":"media-o-projekcie-2","status":"publish","type":"page","link":"http:\/\/www.chmielnik765.szdw.kielce.com.pl\/en\/media-o-projekcie-2\/","title":{"rendered":"Media o projekcie"},"content":{"rendered":"<p><strong>Echo Dnia<\/strong> <img decoding=\"async\" src=\"https:\/\/upload.wikimedia.org\/wikipedia\/commons\/3\/39\/Www_echo_dnia_logo.jpg\" alt=\"\" style=\"height: 100px; margin-left: 30%;\" \/><\/p>\n<p><strong>20.06.2017<\/strong><\/p>\n<p><a href=\"http:\/\/www.echodnia.eu\/swietokrzyskie\/motofakty\/na-drogach\/a\/bedzie-obwodnica-chmielnika-umowa-podpisana,12194099\/\" rel=\"noopener\" target=\"_blank\">http:\/\/www.echodnia.eu\/swietokrzyskie\/motofakty\/na-drogach\/a\/bedzie-obwodnica-chmielnika-umowa-podpisana,12194099\/<\/a><\/p>\n<p><strong>Gazeta Wyborcza<\/strong> <img decoding=\"async\" src=\"http:\/\/bi.gazeta.pl\/im\/d4\/41\/13\/z20192980Q,logo.jpg\" alt=\"\" style=\"height: 100px; margin-left: 25%;\" \/><\/p>\n<p><strong>24.03.2017<\/strong><\/p>\n<p><a href=\"http:\/\/kielce.wyborcza.pl\/kielce\/7,47262,21541820,blizej-budowy-obwodnicy-i-drogi-wojewodzkiej-za-37-mln.html\" rel=\"noopener\" target=\"_blank\">http:\/\/kielce.wyborcza.pl\/kielce\/7,47262,21541820,blizej-budowy-obwodnicy-i-drogi-wojewodzkiej-za-37-mln.html<\/a><\/p>\n<p><strong>Rynek Infrastruktury<\/strong> <img decoding=\"async\" src=\"http:\/\/www.tor-konferencje.pl\/themes\/rilogo.png\" alt=\"\" style=\"margin-left: 19%;\" \/><\/p>\n<p><strong>21.06.2017<\/strong><\/p>\n<p><a href=\"http:\/\/www.rynekinfrastruktury.pl\/wiadomosci\/drogi\/obwodnica-chmielnika-w-rekach-wykonawcy-59013.html\" rel=\"noopener\" target=\"_blank\">http:\/\/www.rynekinfrastruktury.pl\/wiadomosci\/drogi\/obwodnica-chmielnika-w-rekach-wykonawcy-59013.html<\/a><\/p>\n<p><strong>Radio Kielce<\/strong> <img decoding=\"async\" src=\"http:\/\/portalmedialny.pl\/media\/images\/original\/md5\/0\/a\/0a7d6c09fa8d9669919fc70c6104f917\/Logo%20Radio%20Kielce_2.png\" alt=\"\" style=\"width: 20%; margin-left: 30%;\" \/><\/p>\n<p><strong>20.06.2017<\/strong><\/p>\n<p><a href=\"http:\/\/www.radio.kielce.pl\/post-57467\" rel=\"noopener\" target=\"_blank\">http:\/\/www.radio.kielce.pl\/post-57467\/<\/a><\/p>\n<p><strong>CK Info.pl<\/strong> <img decoding=\"async\" src=\"https:\/\/ckinfo.pl\/img\/logo_ckinfo.png\" alt=\"\" style=\"width: 20%; margin-left: 30%;\" \/><\/p>\n<p><strong>20.06.2017<\/strong><\/p>\n<p><a href=\"https:\/\/ckinfo.pl\/podpisano-umowe-budowe-polnocnej-obwodnicy-chmielnika\/\" target=\"_blank\">https:\/\/ckinfo.pl\/podpisano-umowe-budowe-polnocnej-obwodnicy-chmielnika\/<\/a><\/p>\n","protected":false},"excerpt":{"rendered":"<p>Echo Dnia 20.06.2017 http:\/\/www.echodnia.eu\/swietokrzyskie\/motofakty\/na-drogach\/a\/bedzie-obwodnica-chmielnika-umowa-podpisana,12194099\/ Gazeta Wyborcza 24.03.2017 http:\/\/kielce.wyborcza.pl\/kielce\/7,47262,21541820,blizej-budowy-obwodnicy-i-drogi-wojewodzkiej-za-37-mln.html Rynek Infrastruktury 21.06.2017 http:\/\/www.rynekinfrastruktury.pl\/wiadomosci\/drogi\/obwodnica-chmielnika-w-rekach-wykonawcy-59013.html Radio Kielce 20.06.2017 http:\/\/www.radio.kielce.pl\/post-57467\/ CK Info.pl 20.06.2017 https:\/\/ckinfo.pl\/podpisano-umowe-budowe-polnocnej-obwodnicy-chmielnika\/<\/p>\n","protected":false},"author":3,"featured_media":0,"parent":0,"menu_order":0,"comment_status":"closed","ping_status":"closed","template":"","meta":{"footnotes":""},"class_list":["post-518","page","type-page","status-publish","hentry"],"yoast_head":"<!-- This site is optimized with the Yoast SEO plugin v27.1.1 - https:\/\/yoast.com\/product\/yoast-seo-wordpress\/ -->\n<title>Media o projekcie &#8211; Budowa p\u00f3\u0142nocnej obwodnicy Chmielnika w ci\u0105gu DW 765 od skrzy\u017cowania z DK 73<\/title>\n<meta name=\"robots\" content=\"index, follow, max-snippet:-1, max-image-preview:large, max-video-preview:-1\" \/>\n<link rel=\"canonical\" href=\"http:\/\/www.chmielnik765.szdw.kielce.com.pl\/en\/media-o-projekcie-2\/\" \/>\n<meta property=\"og:locale\" content=\"en_US\" \/>\n<meta property=\"og:locale:alternate\" content=\"pl_PL\" \/>\n<meta property=\"og:type\" content=\"article\" \/>\n<meta property=\"og:title\" content=\"Media o projekcie &#8211; Budowa p\u00f3\u0142nocnej obwodnicy Chmielnika w ci\u0105gu DW 765 od skrzy\u017cowania z DK 73\" \/>\n<meta property=\"og:description\" content=\"Echo Dnia 20.06.2017 http:\/\/www.echodnia.eu\/swietokrzyskie\/motofakty\/na-drogach\/a\/bedzie-obwodnica-chmielnika-umowa-podpisana,12194099\/ Gazeta Wyborcza 24.03.2017 http:\/\/kielce.wyborcza.pl\/kielce\/7,47262,21541820,blizej-budowy-obwodnicy-i-drogi-wojewodzkiej-za-37-mln.html Rynek Infrastruktury 21.06.2017 http:\/\/www.rynekinfrastruktury.pl\/wiadomosci\/drogi\/obwodnica-chmielnika-w-rekach-wykonawcy-59013.html Radio Kielce 20.06.2017 http:\/\/www.radio.kielce.pl\/post-57467\/ CK Info.pl 20.06.2017 https:\/\/ckinfo.pl\/podpisano-umowe-budowe-polnocnej-obwodnicy-chmielnika\/\" \/>\n<meta property=\"og:url\" content=\"http:\/\/www.chmielnik765.szdw.kielce.com.pl\/en\/media-o-projekcie-2\/\" \/>\n<meta property=\"og:site_name\" content=\"Budowa p\u00f3\u0142nocnej obwodnicy Chmielnika w ci\u0105gu DW 765 od skrzy\u017cowania z DK 73\" \/>\n<meta property=\"article:modified_time\" content=\"2018-01-29T16:01:24+00:00\" \/>\n<meta property=\"og:image\" content=\"https:\/\/upload.wikimedia.org\/wikipedia\/commons\/3\/39\/Www_echo_dnia_logo.jpg\" \/>\n<meta name=\"twitter:card\" content=\"summary_large_image\" \/>\n<script type=\"application\/ld+json\" class=\"yoast-schema-graph\">{\"@context\":\"https:\/\/schema.org\",\"@graph\":[{\"@type\":\"WebPage\",\"@id\":\"http:\/\/www.chmielnik765.szdw.kielce.com.pl\/en\/media-o-projekcie-2\/\",\"url\":\"http:\/\/www.chmielnik765.szdw.kielce.com.pl\/en\/media-o-projekcie-2\/\",\"name\":\"Media o projekcie &#8211; Budowa p\u00f3\u0142nocnej obwodnicy Chmielnika w ci\u0105gu DW 765 od skrzy\u017cowania z DK 73\",\"isPartOf\":{\"@id\":\"http:\/\/www.chmielnik765.szdw.kielce.com.pl\/#website\"},\"primaryImageOfPage\":{\"@id\":\"http:\/\/www.chmielnik765.szdw.kielce.com.pl\/en\/media-o-projekcie-2\/#primaryimage\"},\"image\":{\"@id\":\"http:\/\/www.chmielnik765.szdw.kielce.com.pl\/en\/media-o-projekcie-2\/#primaryimage\"},\"thumbnailUrl\":\"https:\/\/upload.wikimedia.org\/wikipedia\/commons\/3\/39\/Www_echo_dnia_logo.jpg\",\"datePublished\":\"2018-01-25T18:38:08+00:00\",\"dateModified\":\"2018-01-29T16:01:24+00:00\",\"breadcrumb\":{\"@id\":\"http:\/\/www.chmielnik765.szdw.kielce.com.pl\/en\/media-o-projekcie-2\/#breadcrumb\"},\"inLanguage\":\"en-US\",\"potentialAction\":[{\"@type\":\"ReadAction\",\"target\":[\"http:\/\/www.chmielnik765.szdw.kielce.com.pl\/en\/media-o-projekcie-2\/\"]}]},{\"@type\":\"ImageObject\",\"inLanguage\":\"en-US\",\"@id\":\"http:\/\/www.chmielnik765.szdw.kielce.com.pl\/en\/media-o-projekcie-2\/#primaryimage\",\"url\":\"https:\/\/upload.wikimedia.org\/wikipedia\/commons\/3\/39\/Www_echo_dnia_logo.jpg\",\"contentUrl\":\"https:\/\/upload.wikimedia.org\/wikipedia\/commons\/3\/39\/Www_echo_dnia_logo.jpg\"},{\"@type\":\"BreadcrumbList\",\"@id\":\"http:\/\/www.chmielnik765.szdw.kielce.com.pl\/en\/media-o-projekcie-2\/#breadcrumb\",\"itemListElement\":[{\"@type\":\"ListItem\",\"position\":1,\"name\":\"Strona g\u0142\u00f3wna\",\"item\":\"http:\/\/www.chmielnik765.szdw.kielce.com.pl\/\"},{\"@type\":\"ListItem\",\"position\":2,\"name\":\"Media o projekcie\"}]},{\"@type\":\"WebSite\",\"@id\":\"http:\/\/www.chmielnik765.szdw.kielce.com.pl\/#website\",\"url\":\"http:\/\/www.chmielnik765.szdw.kielce.com.pl\/\",\"name\":\"Budowa p\u00f3\u0142nocnej obwodnicy Chmielnika w ci\u0105gu DW 765 od skrzy\u017cowania z DK 73\",\"description\":\"\",\"potentialAction\":[{\"@type\":\"SearchAction\",\"target\":{\"@type\":\"EntryPoint\",\"urlTemplate\":\"http:\/\/www.chmielnik765.szdw.kielce.com.pl\/?s={search_term_string}\"},\"query-input\":{\"@type\":\"PropertyValueSpecification\",\"valueRequired\":true,\"valueName\":\"search_term_string\"}}],\"inLanguage\":\"en-US\"}]}<\/script>\n<!-- \/ Yoast SEO plugin. -->","yoast_head_json":{"title":"Media o projekcie &#8211; Budowa p\u00f3\u0142nocnej obwodnicy Chmielnika w ci\u0105gu DW 765 od skrzy\u017cowania z DK 73","robots":{"index":"index","follow":"follow","max-snippet":"max-snippet:-1","max-image-preview":"max-image-preview:large","max-video-preview":"max-video-preview:-1"},"canonical":"http:\/\/www.chmielnik765.szdw.kielce.com.pl\/en\/media-o-projekcie-2\/","og_locale":"en_US","og_type":"article","og_title":"Media o projekcie &#8211; Budowa p\u00f3\u0142nocnej obwodnicy Chmielnika w ci\u0105gu DW 765 od skrzy\u017cowania z DK 73","og_description":"Echo Dnia 20.06.2017 http:\/\/www.echodnia.eu\/swietokrzyskie\/motofakty\/na-drogach\/a\/bedzie-obwodnica-chmielnika-umowa-podpisana,12194099\/ Gazeta Wyborcza 24.03.2017 http:\/\/kielce.wyborcza.pl\/kielce\/7,47262,21541820,blizej-budowy-obwodnicy-i-drogi-wojewodzkiej-za-37-mln.html Rynek Infrastruktury 21.06.2017 http:\/\/www.rynekinfrastruktury.pl\/wiadomosci\/drogi\/obwodnica-chmielnika-w-rekach-wykonawcy-59013.html Radio Kielce 20.06.2017 http:\/\/www.radio.kielce.pl\/post-57467\/ CK Info.pl 20.06.2017 https:\/\/ckinfo.pl\/podpisano-umowe-budowe-polnocnej-obwodnicy-chmielnika\/","og_url":"http:\/\/www.chmielnik765.szdw.kielce.com.pl\/en\/media-o-projekcie-2\/","og_site_name":"Budowa p\u00f3\u0142nocnej obwodnicy Chmielnika w ci\u0105gu DW 765 od skrzy\u017cowania z DK 73","article_modified_time":"2018-01-29T16:01:24+00:00","og_image":[{"url":"https:\/\/upload.wikimedia.org\/wikipedia\/commons\/3\/39\/Www_echo_dnia_logo.jpg","type":"","width":"","height":""}],"twitter_card":"summary_large_image","schema":{"@context":"https:\/\/schema.org","@graph":[{"@type":"WebPage","@id":"http:\/\/www.chmielnik765.szdw.kielce.com.pl\/en\/media-o-projekcie-2\/","url":"http:\/\/www.chmielnik765.szdw.kielce.com.pl\/en\/media-o-projekcie-2\/","name":"Media o projekcie &#8211; Budowa p\u00f3\u0142nocnej obwodnicy Chmielnika w ci\u0105gu DW 765 od skrzy\u017cowania z DK 73","isPartOf":{"@id":"http:\/\/www.chmielnik765.szdw.kielce.com.pl\/#website"},"primaryImageOfPage":{"@id":"http:\/\/www.chmielnik765.szdw.kielce.com.pl\/en\/media-o-projekcie-2\/#primaryimage"},"image":{"@id":"http:\/\/www.chmielnik765.szdw.kielce.com.pl\/en\/media-o-projekcie-2\/#primaryimage"},"thumbnailUrl":"https:\/\/upload.wikimedia.org\/wikipedia\/commons\/3\/39\/Www_echo_dnia_logo.jpg","datePublished":"2018-01-25T18:38:08+00:00","dateModified":"2018-01-29T16:01:24+00:00","breadcrumb":{"@id":"http:\/\/www.chmielnik765.szdw.kielce.com.pl\/en\/media-o-projekcie-2\/#breadcrumb"},"inLanguage":"en-US","potentialAction":[{"@type":"ReadAction","target":["http:\/\/www.chmielnik765.szdw.kielce.com.pl\/en\/media-o-projekcie-2\/"]}]},{"@type":"ImageObject","inLanguage":"en-US","@id":"http:\/\/www.chmielnik765.szdw.kielce.com.pl\/en\/media-o-projekcie-2\/#primaryimage","url":"https:\/\/upload.wikimedia.org\/wikipedia\/commons\/3\/39\/Www_echo_dnia_logo.jpg","contentUrl":"https:\/\/upload.wikimedia.org\/wikipedia\/commons\/3\/39\/Www_echo_dnia_logo.jpg"},{"@type":"BreadcrumbList","@id":"http:\/\/www.chmielnik765.szdw.kielce.com.pl\/en\/media-o-projekcie-2\/#breadcrumb","itemListElement":[{"@type":"ListItem","position":1,"name":"Strona g\u0142\u00f3wna","item":"http:\/\/www.chmielnik765.szdw.kielce.com.pl\/"},{"@type":"ListItem","position":2,"name":"Media o projekcie"}]},{"@type":"WebSite","@id":"http:\/\/www.chmielnik765.szdw.kielce.com.pl\/#website","url":"http:\/\/www.chmielnik765.szdw.kielce.com.pl\/","name":"Budowa p\u00f3\u0142nocnej obwodnicy Chmielnika w ci\u0105gu DW 765 od skrzy\u017cowania z DK 73","description":"","potentialAction":[{"@type":"SearchAction","target":{"@type":"EntryPoint","urlTemplate":"http:\/\/www.chmielnik765.szdw.kielce.com.pl\/?s={search_term_string}"},"query-input":{"@type":"PropertyValueSpecification","valueRequired":true,"valueName":"search_term_string"}}],"inLanguage":"en-US"}]}},"_links":{"self":[{"href":"http:\/\/www.chmielnik765.szdw.kielce.com.pl\/en\/wp-json\/wp\/v2\/pages\/518","targetHints":{"allow":["GET"]}}],"collection":[{"href":"http:\/\/www.chmielnik765.szdw.kielce.com.pl\/en\/wp-json\/wp\/v2\/pages"}],"about":[{"href":"http:\/\/www.chmielnik765.szdw.kielce.com.pl\/en\/wp-json\/wp\/v2\/types\/page"}],"author":[{"embeddable":true,"href":"http:\/\/www.chmielnik765.szdw.kielce.com.pl\/en\/wp-json\/wp\/v2\/users\/3"}],"replies":[{"embeddable":true,"href":"http:\/\/www.chmielnik765.szdw.kielce.com.pl\/en\/wp-json\/wp\/v2\/comments?post=518"}],"version-history":[{"count":6,"href":"http:\/\/www.chmielnik765.szdw.kielce.com.pl\/en\/wp-json\/wp\/v2\/pages\/518\/revisions"}],"predecessor-version":[{"id":562,"href":"http:\/\/www.chmielnik765.szdw.kielce.com.pl\/en\/wp-json\/wp\/v2\/pages\/518\/revisions\/562"}],"wp:attachment":[{"href":"http:\/\/www.chmielnik765.szdw.kielce.com.pl\/en\/wp-json\/wp\/v2\/media?parent=518"}],"curies":[{"name":"wp","href":"https:\/\/api.w.org\/{rel}","templated":true}]}}