{"id":6,"date":"2016-08-07T22:24:58","date_gmt":"2016-08-07T20:24:58","guid":{"rendered":"http:\/\/www.chmielnik765.szdw.kielce.com.pl\/?page_id=6"},"modified":"2018-06-21T19:58:49","modified_gmt":"2018-06-21T17:58:49","slug":"linki-2","status":"publish","type":"page","link":"http:\/\/www.chmielnik765.szdw.kielce.com.pl\/en\/linki-2\/","title":{"rendered":"Linki"},"content":{"rendered":"<ul>\n<li><a href=\"http:\/\/www.polskawschodnia.gov.pl\/\"><img loading=\"lazy\" decoding=\"async\" class=\"alignright wp-image-11\" src=\"http:\/\/www.rozbudowadw761.pl\/wp-content\/uploads\/2016\/08\/eu_wschodnia-300x150.jpg\" alt=\"linki_1\" width=\"150\" height=\"70\" \/><\/a>Program Operacyjny Polska Wschodnia<br \/>\n<a href=\"http:\/\/www.polskawschodnia.gov.pl\/\">www.polskawschodnia.gov.pl<\/a><\/li>\n<\/ul>\n<p>&nbsp;<\/p>\n<ul>\n<li><a href=\"http:\/\/www.ec.europa.eu\/\"><img loading=\"lazy\" decoding=\"async\" class=\"alignright wp-image-10\" src=\"http:\/\/www.rozbudowadw761.pl\/wp-content\/uploads\/2016\/08\/linki_2.gif\" alt=\"linki_2\" width=\"120\" height=\"83\" \/><\/a> Komisja Europejska<br \/>\n<a href=\"http:\/\/www.ec.europa.eu\/\">www.ec.europa.eu<\/a><\/li>\n<\/ul>\n<p>&nbsp;<\/p>\n<ul>\n<li><img loading=\"lazy\" decoding=\"async\" class=\"alignright wp-image-359 \" src=\"http:\/\/www.rozbudowadw761.pl\/wp-content\/uploads\/2016\/08\/ministerstwo-rozwoju-e1482493206329-300x58.jpg\" alt=\"ministerstwo-rozwoju\" width=\"180\" height=\"42\" \/>Ministerstwo Rozwoju<br \/>\n<a href=\"http:\/\/www.mr.gov.pl\/\">www.mr.gov.pl<\/a><\/li>\n<\/ul>\n<p>&nbsp;<\/p>\n<ul>\n<li><a href=\"http:\/\/www.sejmik.kielce.pl\/\"><img loading=\"lazy\" decoding=\"async\" class=\"alignright wp-image-8\" src=\"http:\/\/www.rozbudowadw761.pl\/wp-content\/uploads\/2016\/08\/linki_4.png\" alt=\"linki_4\" width=\"60\" height=\"73\" \/><\/a>Urz\u0105d Marsza\u0142kowski Wojew\u00f3dztwa \u015awi\u0119tokrzyskiego<br \/>\n<a href=\"http:\/\/www.sejmik.kielce.pl\/\">www.sejmik.kielce.pl<\/a><\/li>\n<\/ul>\n<p>&nbsp;<\/p>\n<ul>\n<li><a href=\"http:\/\/www.szdw.kielce.com.pl\/\"><img loading=\"lazy\" decoding=\"async\" class=\"alignright wp-image-7\" src=\"http:\/\/dw768.obwodnicajedrzejowa.pl\/wp-content\/uploads\/2018\/06\/nowe_logo_tlo.png\" alt=\"linki_5\" width=\"60\" height=\"60\" \/><\/a>\u015awi\u0119tokrzyski Zarz\u0105d Dr\u00f3g Wojew\u00f3dzkich w Kielcach<br \/>\n<a href=\"http:\/\/www.szdw.kielce.com.pl\/\">www.szdw.kielce.com.pl<\/a><\/li>\n<li style=\"clear: both;\">Mapa dotacji EU<br \/>\n<a href=\"http:\/\/www.mapadotacji.gov.pl\/\">www.mapadotacji.gov.pl<\/a><\/li>\n<\/ul>\n<p>&nbsp;<\/p>\n<h4><\/h4>\n","protected":false},"excerpt":{"rendered":"<p>Program Operacyjny Polska Wschodnia www.polskawschodnia.gov.pl &nbsp; Komisja Europejska www.ec.europa.eu &nbsp; Ministerstwo Rozwoju www.mr.gov.pl &nbsp; Urz\u0105d Marsza\u0142kowski Wojew\u00f3dztwa \u015awi\u0119tokrzyskiego www.sejmik.kielce.pl &nbsp; \u015awi\u0119tokrzyski Zarz\u0105d Dr\u00f3g Wojew\u00f3dzkich w Kielcach www.szdw.kielce.com.pl Mapa dotacji EU www.mapadotacji.gov.pl &nbsp;<\/p>\n","protected":false},"author":3,"featured_media":0,"parent":0,"menu_order":0,"comment_status":"closed","ping_status":"closed","template":"","meta":{"footnotes":""},"class_list":["post-6","page","type-page","status-publish","hentry"],"yoast_head":"<!-- This site is optimized with the Yoast SEO plugin v27.1.1 - https:\/\/yoast.com\/product\/yoast-seo-wordpress\/ -->\n<title>Linki<\/title>\n<meta name=\"robots\" content=\"index, follow, max-snippet:-1, max-image-preview:large, max-video-preview:-1\" \/>\n<link rel=\"canonical\" href=\"http:\/\/www.chmielnik765.szdw.kielce.com.pl\/en\/linki-2\/\" \/>\n<meta property=\"og:locale\" content=\"en_US\" \/>\n<meta property=\"og:locale:alternate\" content=\"pl_PL\" \/>\n<meta property=\"og:type\" content=\"article\" \/>\n<meta property=\"og:title\" content=\"Linki\" \/>\n<meta property=\"og:description\" content=\"Program Operacyjny Polska Wschodnia www.polskawschodnia.gov.pl &nbsp; Komisja Europejska www.ec.europa.eu &nbsp; Ministerstwo Rozwoju www.mr.gov.pl &nbsp; Urz\u0105d Marsza\u0142kowski Wojew\u00f3dztwa \u015awi\u0119tokrzyskiego www.sejmik.kielce.pl &nbsp; \u015awi\u0119tokrzyski Zarz\u0105d Dr\u00f3g Wojew\u00f3dzkich w Kielcach www.szdw.kielce.com.pl Mapa dotacji EU www.mapadotacji.gov.pl &nbsp;\" \/>\n<meta property=\"og:url\" content=\"http:\/\/www.chmielnik765.szdw.kielce.com.pl\/en\/linki-2\/\" \/>\n<meta property=\"og:site_name\" content=\"Budowa p\u00f3\u0142nocnej obwodnicy Chmielnika w ci\u0105gu DW 765 od skrzy\u017cowania z DK 73\" \/>\n<meta property=\"article:modified_time\" content=\"2018-06-21T17:58:49+00:00\" \/>\n<meta name=\"twitter:card\" content=\"summary_large_image\" \/>\n<script type=\"application\/ld+json\" class=\"yoast-schema-graph\">{\"@context\":\"https:\/\/schema.org\",\"@graph\":[{\"@type\":\"WebPage\",\"@id\":\"http:\/\/www.chmielnik765.szdw.kielce.com.pl\/en\/linki-2\/\",\"url\":\"http:\/\/www.chmielnik765.szdw.kielce.com.pl\/en\/linki-2\/\",\"name\":\"Linki\",\"isPartOf\":{\"@id\":\"http:\/\/www.chmielnik765.szdw.kielce.com.pl\/#website\"},\"primaryImageOfPage\":{\"@id\":\"http:\/\/www.chmielnik765.szdw.kielce.com.pl\/en\/linki-2\/#primaryimage\"},\"image\":{\"@id\":\"http:\/\/www.chmielnik765.szdw.kielce.com.pl\/en\/linki-2\/#primaryimage\"},\"thumbnailUrl\":\"http:\/\/www.rozbudowadw761.pl\/wp-content\/uploads\/2016\/08\/eu_wschodnia-300x150.jpg\",\"datePublished\":\"2016-08-07T20:24:58+00:00\",\"dateModified\":\"2018-06-21T17:58:49+00:00\",\"breadcrumb\":{\"@id\":\"http:\/\/www.chmielnik765.szdw.kielce.com.pl\/en\/linki-2\/#breadcrumb\"},\"inLanguage\":\"en-US\",\"potentialAction\":[{\"@type\":\"ReadAction\",\"target\":[\"http:\/\/www.chmielnik765.szdw.kielce.com.pl\/en\/linki-2\/\"]}]},{\"@type\":\"ImageObject\",\"inLanguage\":\"en-US\",\"@id\":\"http:\/\/www.chmielnik765.szdw.kielce.com.pl\/en\/linki-2\/#primaryimage\",\"url\":\"http:\/\/www.rozbudowadw761.pl\/wp-content\/uploads\/2016\/08\/eu_wschodnia-300x150.jpg\",\"contentUrl\":\"http:\/\/www.rozbudowadw761.pl\/wp-content\/uploads\/2016\/08\/eu_wschodnia-300x150.jpg\"},{\"@type\":\"BreadcrumbList\",\"@id\":\"http:\/\/www.chmielnik765.szdw.kielce.com.pl\/en\/linki-2\/#breadcrumb\",\"itemListElement\":[{\"@type\":\"ListItem\",\"position\":1,\"name\":\"Strona g\u0142\u00f3wna\",\"item\":\"http:\/\/www.chmielnik765.szdw.kielce.com.pl\/\"},{\"@type\":\"ListItem\",\"position\":2,\"name\":\"Linki\"}]},{\"@type\":\"WebSite\",\"@id\":\"http:\/\/www.chmielnik765.szdw.kielce.com.pl\/#website\",\"url\":\"http:\/\/www.chmielnik765.szdw.kielce.com.pl\/\",\"name\":\"Budowa p\u00f3\u0142nocnej obwodnicy Chmielnika w ci\u0105gu DW 765 od skrzy\u017cowania z DK 73\",\"description\":\"\",\"potentialAction\":[{\"@type\":\"SearchAction\",\"target\":{\"@type\":\"EntryPoint\",\"urlTemplate\":\"http:\/\/www.chmielnik765.szdw.kielce.com.pl\/?s={search_term_string}\"},\"query-input\":{\"@type\":\"PropertyValueSpecification\",\"valueRequired\":true,\"valueName\":\"search_term_string\"}}],\"inLanguage\":\"en-US\"}]}<\/script>\n<!-- \/ Yoast SEO plugin. -->","yoast_head_json":{"title":"Linki","robots":{"index":"index","follow":"follow","max-snippet":"max-snippet:-1","max-image-preview":"max-image-preview:large","max-video-preview":"max-video-preview:-1"},"canonical":"http:\/\/www.chmielnik765.szdw.kielce.com.pl\/en\/linki-2\/","og_locale":"en_US","og_type":"article","og_title":"[:pl]Linki[:] &#8211; Budowa p\u00f3\u0142nocnej obwodnicy Chmielnika w ci\u0105gu DW 765 od skrzy\u017cowania z DK 73","og_description":"Program Operacyjny Polska Wschodnia www.polskawschodnia.gov.pl &nbsp; Komisja Europejska www.ec.europa.eu &nbsp; Ministerstwo Rozwoju www.mr.gov.pl &nbsp; Urz\u0105d Marsza\u0142kowski Wojew\u00f3dztwa \u015awi\u0119tokrzyskiego www.sejmik.kielce.pl &nbsp; \u015awi\u0119tokrzyski Zarz\u0105d Dr\u00f3g Wojew\u00f3dzkich w Kielcach www.szdw.kielce.com.pl Mapa dotacji EU www.mapadotacji.gov.pl &nbsp;","og_url":"http:\/\/www.chmielnik765.szdw.kielce.com.pl\/en\/linki-2\/","og_site_name":"Budowa p\u00f3\u0142nocnej obwodnicy Chmielnika w ci\u0105gu DW 765 od skrzy\u017cowania z DK 73","article_modified_time":"2018-06-21T17:58:49+00:00","twitter_card":"summary_large_image","schema":{"@context":"https:\/\/schema.org","@graph":[{"@type":"WebPage","@id":"http:\/\/www.chmielnik765.szdw.kielce.com.pl\/en\/linki-2\/","url":"http:\/\/www.chmielnik765.szdw.kielce.com.pl\/en\/linki-2\/","name":"Linki","isPartOf":{"@id":"http:\/\/www.chmielnik765.szdw.kielce.com.pl\/#website"},"primaryImageOfPage":{"@id":"http:\/\/www.chmielnik765.szdw.kielce.com.pl\/en\/linki-2\/#primaryimage"},"image":{"@id":"http:\/\/www.chmielnik765.szdw.kielce.com.pl\/en\/linki-2\/#primaryimage"},"thumbnailUrl":"http:\/\/www.rozbudowadw761.pl\/wp-content\/uploads\/2016\/08\/eu_wschodnia-300x150.jpg","datePublished":"2016-08-07T20:24:58+00:00","dateModified":"2018-06-21T17:58:49+00:00","breadcrumb":{"@id":"http:\/\/www.chmielnik765.szdw.kielce.com.pl\/en\/linki-2\/#breadcrumb"},"inLanguage":"en-US","potentialAction":[{"@type":"ReadAction","target":["http:\/\/www.chmielnik765.szdw.kielce.com.pl\/en\/linki-2\/"]}]},{"@type":"ImageObject","inLanguage":"en-US","@id":"http:\/\/www.chmielnik765.szdw.kielce.com.pl\/en\/linki-2\/#primaryimage","url":"http:\/\/www.rozbudowadw761.pl\/wp-content\/uploads\/2016\/08\/eu_wschodnia-300x150.jpg","contentUrl":"http:\/\/www.rozbudowadw761.pl\/wp-content\/uploads\/2016\/08\/eu_wschodnia-300x150.jpg"},{"@type":"BreadcrumbList","@id":"http:\/\/www.chmielnik765.szdw.kielce.com.pl\/en\/linki-2\/#breadcrumb","itemListElement":[{"@type":"ListItem","position":1,"name":"Strona g\u0142\u00f3wna","item":"http:\/\/www.chmielnik765.szdw.kielce.com.pl\/"},{"@type":"ListItem","position":2,"name":"Linki"}]},{"@type":"WebSite","@id":"http:\/\/www.chmielnik765.szdw.kielce.com.pl\/#website","url":"http:\/\/www.chmielnik765.szdw.kielce.com.pl\/","name":"Budowa p\u00f3\u0142nocnej obwodnicy Chmielnika w ci\u0105gu DW 765 od skrzy\u017cowania z DK 73","description":"","potentialAction":[{"@type":"SearchAction","target":{"@type":"EntryPoint","urlTemplate":"http:\/\/www.chmielnik765.szdw.kielce.com.pl\/?s={search_term_string}"},"query-input":{"@type":"PropertyValueSpecification","valueRequired":true,"valueName":"search_term_string"}}],"inLanguage":"en-US"}]}},"_links":{"self":[{"href":"http:\/\/www.chmielnik765.szdw.kielce.com.pl\/en\/wp-json\/wp\/v2\/pages\/6","targetHints":{"allow":["GET"]}}],"collection":[{"href":"http:\/\/www.chmielnik765.szdw.kielce.com.pl\/en\/wp-json\/wp\/v2\/pages"}],"about":[{"href":"http:\/\/www.chmielnik765.szdw.kielce.com.pl\/en\/wp-json\/wp\/v2\/types\/page"}],"author":[{"embeddable":true,"href":"http:\/\/www.chmielnik765.szdw.kielce.com.pl\/en\/wp-json\/wp\/v2\/users\/3"}],"replies":[{"embeddable":true,"href":"http:\/\/www.chmielnik765.szdw.kielce.com.pl\/en\/wp-json\/wp\/v2\/comments?post=6"}],"version-history":[{"count":28,"href":"http:\/\/www.chmielnik765.szdw.kielce.com.pl\/en\/wp-json\/wp\/v2\/pages\/6\/revisions"}],"predecessor-version":[{"id":744,"href":"http:\/\/www.chmielnik765.szdw.kielce.com.pl\/en\/wp-json\/wp\/v2\/pages\/6\/revisions\/744"}],"wp:attachment":[{"href":"http:\/\/www.chmielnik765.szdw.kielce.com.pl\/en\/wp-json\/wp\/v2\/media?parent=6"}],"curies":[{"name":"wp","href":"https:\/\/api.w.org\/{rel}","templated":true}]}}